{"id":6,"date":"2020-12-07T08:38:51","date_gmt":"2020-12-07T08:38:51","guid":{"rendered":"https:\/\/norrahamnen.nu\/index.php\/checkout\/purchase-confirmation\/"},"modified":"2023-03-09T07:45:47","modified_gmt":"2023-03-09T06:45:47","slug":"order-confirmation","status":"publish","type":"page","link":"https:\/\/norrahamnen.nu\/?page_id=6","title":{"rendered":"Ordererk\u00e4nnande"},"content":{"rendered":"<p>Tack f\u00f6r din order:<\/p>\n<p><span style=\"font-size: 0.875rem;\"><p class=\"rpress-alert rpress-alert-error\">Vi kunde inte hitta n\u00e5gra best\u00e4llningar att visa h\u00e4r<\/p><\/span><\/p>\n","protected":false},"excerpt":{"rendered":"<p>Tack f\u00f6r din order:<\/p>\n","protected":false},"author":1,"featured_media":0,"parent":0,"menu_order":0,"comment_status":"closed","ping_status":"closed","template":"","meta":{"footnotes":""},"class_list":["post-6","page","type-page","status-publish","hentry"],"_links":{"self":[{"href":"https:\/\/norrahamnen.nu\/index.php?rest_route=\/wp\/v2\/pages\/6","targetHints":{"allow":["GET"]}}],"collection":[{"href":"https:\/\/norrahamnen.nu\/index.php?rest_route=\/wp\/v2\/pages"}],"about":[{"href":"https:\/\/norrahamnen.nu\/index.php?rest_route=\/wp\/v2\/types\/page"}],"author":[{"embeddable":true,"href":"https:\/\/norrahamnen.nu\/index.php?rest_route=\/wp\/v2\/users\/1"}],"replies":[{"embeddable":true,"href":"https:\/\/norrahamnen.nu\/index.php?rest_route=%2Fwp%2Fv2%2Fcomments&post=6"}],"version-history":[{"count":2,"href":"https:\/\/norrahamnen.nu\/index.php?rest_route=\/wp\/v2\/pages\/6\/revisions"}],"predecessor-version":[{"id":5044,"href":"https:\/\/norrahamnen.nu\/index.php?rest_route=\/wp\/v2\/pages\/6\/revisions\/5044"}],"wp:attachment":[{"href":"https:\/\/norrahamnen.nu\/index.php?rest_route=%2Fwp%2Fv2%2Fmedia&parent=6"}],"curies":[{"name":"wp","href":"https:\/\/api.w.org\/{rel}","templated":true}]}}